{"id":6,"date":"2026-03-14T18:20:18","date_gmt":"2026-03-14T18:20:18","guid":{"rendered":"https:\/\/13382.k-hosting.pl\/?page_id=6"},"modified":"2026-03-15T10:07:05","modified_gmt":"2026-03-15T10:07:05","slug":"piloteka-pilates-klasyczny","status":"publish","type":"page","link":"https:\/\/13382.k-hosting.pl\/","title":{"rendered":"Piloteka &#8211; Pilates Klasyczny"},"content":{"rendered":"\n<div class=\"wp-block-cover alignfull is-light has-contrast-color has-text-color has-link-color wp-elements-7092452b79767e928f225c98decd7f06\" style=\"margin-top:0;margin-bottom:0;padding-top:var(--wp--preset--spacing--60);padding-right:var(--wp--preset--spacing--50);padding-bottom:var(--wp--preset--spacing--60);padding-left:var(--wp--preset--spacing--50)\"><span aria-hidden=\"true\" class=\"wp-block-cover__background has-base-background-color has-background-dim-0 has-background-dim\"><\/span><div class=\"wp-block-cover__inner-container has-global-padding is-layout-constrained wp-container-core-cover-is-layout-873ee6b1 wp-block-cover-is-layout-constrained\">\n<div class=\"wp-block-columns alignwide has-manrope-font-family is-layout-flex wp-container-core-columns-is-layout-7ee84d44 wp-block-columns-is-layout-flex\" style=\"font-style:italic;font-weight:400\">\n<div class=\"wp-block-column is-layout-flow wp-block-column-is-layout-flow\" style=\"flex-basis:65%\">\n<div class=\"wp-block-group is-vertical is-content-justification-left is-layout-flex wp-container-core-group-is-layout-dd225191 wp-block-group-is-layout-flex\">\n<p class=\"is-style-text-subtitle is-style-text-subtitle--1\"><strong>PILATES NA REFORMERACH<\/strong><\/p>\n\n\n\n<p class=\"has-manrope-font-family\" style=\"font-style:italic;font-weight:400\">DLACZEGO WARTO?<br>\u2013 indywidualne podej\u015bcie<br>\u2013 praca w skupieniu i harmonii<br>\u2013 sprz\u0119t premium<br>\u2013 klasyczne reformery<br>\u2013 bezpiecze\u0144stwo i pe\u0142na uwaga instruktora<\/p>\n\n\n\n<p><strong>DODATKOWO:<\/strong><br>intymna, spokojna atmosfera, profesjonalne, klasyczne podej\u015bcie do pilatesu skupienie na Twoim ciele i potrzebach<\/p>\n\n\n\n<p>Trening na reformerze pozwala pracowa\u0107 precyzyjnie, bezpiecznie i skutecznie, dlatego jest odpowiedni zar\u00f3wno<\/p>\n\n\n\n<p><strong>DLA KOGO?<\/strong><br>\u2013 dla os\u00f3b pocz\u0105tkuj\u0105cych<br>\u2013 dla kobiet po ci\u0105\u017cy<br>\u2013 dla os\u00f3b z b\u00f3lem plec\u00f3w<br>\u2013 dla tych, kt\u00f3rzy chc\u0105 trenowa\u0107 m\u0105drze, a nie ci\u0119\u017cko<\/p>\n<\/div>\n<\/div>\n\n\n\n<div class=\"wp-block-column is-layout-flow wp-block-column-is-layout-flow\" style=\"flex-basis:35%\">\n<div class=\"wp-block-group is-vertical is-content-justification-stretch is-nowrap is-layout-flex wp-container-core-group-is-layout-73b0033c wp-block-group-is-layout-flex\">\n<figure class=\"wp-block-image size-full\"><img loading=\"lazy\" decoding=\"async\" width=\"1589\" height=\"1600\" src=\"https:\/\/13382.k-hosting.pl\/wp-content\/uploads\/2026\/03\/WhatsApp-Image-2026-03-14-at-18.58.11.jpeg\" alt=\"\" class=\"wp-image-12\" style=\"aspect-ratio:3\/4;object-fit:cover\" srcset=\"https:\/\/13382.k-hosting.pl\/wp-content\/uploads\/2026\/03\/WhatsApp-Image-2026-03-14-at-18.58.11.jpeg 1589w, https:\/\/13382.k-hosting.pl\/wp-content\/uploads\/2026\/03\/WhatsApp-Image-2026-03-14-at-18.58.11-298x300.jpeg 298w, https:\/\/13382.k-hosting.pl\/wp-content\/uploads\/2026\/03\/WhatsApp-Image-2026-03-14-at-18.58.11-1017x1024.jpeg 1017w, https:\/\/13382.k-hosting.pl\/wp-content\/uploads\/2026\/03\/WhatsApp-Image-2026-03-14-at-18.58.11-150x150.jpeg 150w, https:\/\/13382.k-hosting.pl\/wp-content\/uploads\/2026\/03\/WhatsApp-Image-2026-03-14-at-18.58.11-768x773.jpeg 768w, https:\/\/13382.k-hosting.pl\/wp-content\/uploads\/2026\/03\/WhatsApp-Image-2026-03-14-at-18.58.11-1525x1536.jpeg 1525w\" sizes=\"auto, (max-width: 1589px) 100vw, 1589px\" \/><\/figure>\n<\/div>\n<\/div>\n<\/div>\n<\/div><\/div>\n\n\n\n<p style=\"font-style:italic;font-weight:400\">Um\u00f3w ju\u017c dzi\u015b swoj\u0105 pierwsz\u0105 lekcj\u0119 pilates na reformerze<\/p>\n","protected":false},"excerpt":{"rendered":"<p>Um\u00f3w ju\u017c dzi\u015b swoj\u0105 pierwsz\u0105 lekcj\u0119 pilates na reformerze<\/p>\n","protected":false},"author":1,"featured_media":0,"parent":0,"menu_order":0,"comment_status":"closed","ping_status":"closed","template":"","meta":{"footnotes":""},"class_list":["post-6","page","type-page","status-publish","hentry"],"_links":{"self":[{"href":"https:\/\/13382.k-hosting.pl\/index.php?rest_route=\/wp\/v2\/pages\/6","targetHints":{"allow":["GET"]}}],"collection":[{"href":"https:\/\/13382.k-hosting.pl\/index.php?rest_route=\/wp\/v2\/pages"}],"about":[{"href":"https:\/\/13382.k-hosting.pl\/index.php?rest_route=\/wp\/v2\/types\/page"}],"author":[{"embeddable":true,"href":"https:\/\/13382.k-hosting.pl\/index.php?rest_route=\/wp\/v2\/users\/1"}],"replies":[{"embeddable":true,"href":"https:\/\/13382.k-hosting.pl\/index.php?rest_route=%2Fwp%2Fv2%2Fcomments&post=6"}],"version-history":[{"count":11,"href":"https:\/\/13382.k-hosting.pl\/index.php?rest_route=\/wp\/v2\/pages\/6\/revisions"}],"predecessor-version":[{"id":58,"href":"https:\/\/13382.k-hosting.pl\/index.php?rest_route=\/wp\/v2\/pages\/6\/revisions\/58"}],"wp:attachment":[{"href":"https:\/\/13382.k-hosting.pl\/index.php?rest_route=%2Fwp%2Fv2%2Fmedia&parent=6"}],"curies":[{"name":"wp","href":"https:\/\/api.w.org\/{rel}","templated":true}]}}